{"id":26,"date":"2023-05-08T12:22:39","date_gmt":"2023-05-08T10:22:39","guid":{"rendered":"http:\/\/rawenrebars.pl\/?page_id=26"},"modified":"2023-06-21T13:14:23","modified_gmt":"2023-06-21T11:14:23","slug":"prety-kompozytowe-do-zbrojenia-betonu-rawen-rebars","status":"publish","type":"page","link":"https:\/\/rawenrebars.pl\/","title":{"rendered":"Pr\u0119ty kompozytowe do zbrojenia betonu &#8211; RAWEN REBARS"},"content":{"rendered":"<p>[vc_row full_width=&#8221;stretch_row_content_no_spaces&#8221;][vc_column width=&#8221;1\/2&#8243;][vc_column_text css=&#8221;.vc_custom_1687331446789{padding-right: 15px !important;padding-left: 30px !important;}&#8221;]<span style=\"color: #808080;\"><strong>Czym s\u0105 pr\u0119ty kompozytowe?<\/strong> To zbrojeniowe pr\u0119ty epoksydowe z w\u0142\u00f3kna szklanego wytwarzane innowacyjn\u0105 metod\u0105 PULTRUZJI, polegaj\u0105c\u0105 na przeci\u0105ganiu ci\u0105g\u0142ych w\u0142\u00f3kien szklanych zatopionych w \u017cywicach epoksydowych przez urz\u0105dzenie nadaj\u0105ce kszta\u0142t przekroju poprzecznego oraz gdzie nast\u0119puje utwardzenie spoiwa. W procesie tym powstaje kompozyt sk\u0142adaj\u0105cy si\u0119 z bardzo du\u017cej ilo\u015bci w\u0142\u00f3kiem w uk\u0142adzie r\u00f3wnoleg\u0142ym.<\/span><\/p>\n<p><span style=\"color: #808080;\">W odr\u00f3\u017cnieniu od zbrojenia tradycyjnego, zbrojenie kompozytowe charakteryzuj\u0105 si\u0119 wieloma walorami techniczno \u2013 u\u017cytkowymi.<\/span><\/p>\n<p><span style=\"color: #808080;\"><strong>Zastosowanie<\/strong>. Ze wzgl\u0119du na swoje w\u0142a\u015bciwo\u015bci i mo\u017cliwo\u015bci kszta\u0142towania produkt doskonale sprawdzi si\u0119 w szeroko poj\u0119tym budownictwie przemys\u0142owym i mieszkaniowym, infrastrukturze drogowej i kolejowej, budownictwie in\u017cynieryjnym.<\/span><\/p>\n<p><span style=\"color: #808080;\">Mo\u017ce by\u0107 stosowane jako zbrojenie konstrukcyjne:<\/span><\/p>\n<ul>\n<li><span style=\"color: #808080;\">fundament\u00f3w<\/span><\/li>\n<li><span style=\"color: #808080;\">prefabrykowanych element\u00f3w \u017celbetowych<\/span><\/li>\n<li><span style=\"color: #808080;\">p\u0142ytach, palach, s\u0142upach i ogrodzeniach<\/span><\/li>\n<li><span style=\"color: #808080;\">elementach obj\u0119to\u015bciowych hydrotechnicznych ze substancjami agresywnymi<\/span><\/li>\n<\/ul>\n<p>[\/vc_column_text][\/vc_column][vc_column width=&#8221;1\/2&#8243;][vc_column_text css=&#8221;.vc_custom_1687331456565{padding-right: 20px !important;padding-left: 15px !important;}&#8221;]<span style=\"color: #808080;\"><strong>W\u0141A\u015aCIWO\u015aCI &#8211; KORZY\u015aCI<\/strong><\/span><\/p>\n<ul>\n<li><span style=\"color: #808080;\">CA\u0141KOWICIE ODPORNE NA KOROZJ\u0118<\/span><\/li>\n<li><span style=\"color: #808080;\">MINIMALNA PRZEWODNO\u015a\u0106 CIEPLNA \u2013 BRAK MOSTK\u00d3W TERMICZNYCH<\/span><\/li>\n<li><span style=\"color: #808080;\">WYTRZYMA\u0141O\u015a\u0106 NA ROZCI\u0104GANIE \u2013 2,5 RAZY WI\u0118KSZA NI\u017b PR\u0118TY STALOWE<\/span><\/li>\n<li><span style=\"color: #808080;\">BARDZO DU\u017bA \u017bYWOTNO\u015a\u0106 \u2013 ODPORNE CHEMICZNIE ORAZ NA UV<\/span><\/li>\n<li><span style=\"color: #808080;\">NISKI CI\u0118\u017bAR W\u0141A\u015aCIWY- NI\u017bSZE KOSZTA LOGISTYKI<\/span><\/li>\n<li><span style=\"color: #808080;\">DIALEKTYCZNE ORAZ ANTYMAGNETYCZNE<\/span><\/li>\n<li><span style=\"color: #808080;\">ELASTYCZNO\u015a\u0106 \u2013 transportowane na szpulach &#8211; pozwala obni\u017cy\u0107 koszt transportu<\/span><\/li>\n<li><span style=\"color: #808080;\">\u0141ATWO\u015a\u0106 OBR\u00d3BKI, KSZTA\u0141TOWANIA I \u0141\u0104CZENIA ELEMENT\u00d3W<\/span><\/li>\n<li><span style=\"color: #808080;\">ATRAKCYJNA CENA<\/span><\/li>\n<\/ul>\n<p>[\/vc_column_text][\/vc_column][\/vc_row][vc_row full_width=&#8221;stretch_row_content_no_spaces&#8221; css=&#8221;.vc_custom_1687332081962{background-color: #36373d !important;}&#8221;][vc_column][vc_single_image image=&#8221;116&#8243; img_size=&#8221;full&#8221; alignment=&#8221;center&#8221; css=&#8221;.vc_custom_1687333361170{background-color: #36373d !important;}&#8221;][\/vc_column][\/vc_row][vc_row full_width=&#8221;stretch_row_content&#8221; content_placement=&#8221;middle&#8221;][vc_column][vc_gallery type=&#8221;image_grid&#8221; images=&#8221;118,119,120,121,122,135&#8243; img_size=&#8221;medium&#8221; css=&#8221;.vc_custom_1687344372169{padding-right: 20px !important;padding-left: 35px !important;}&#8221;][\/vc_column][\/vc_row][vc_row full_width=&#8221;stretch_row_content&#8221; css=&#8221;.vc_custom_1687345078119{background-color: #36373d !important;}&#8221;][vc_column width=&#8221;1\/3&#8243; css=&#8221;.vc_custom_1687345817969{padding-left: 45px !important;}&#8221;][vc_single_image image=&#8221;35&#8243;][vc_column_text]<\/p>\n<h4><span style=\"color: #ffcc00;\"><strong>RAWEN REBARS<\/strong><\/span><\/h4>\n<p><span style=\"color: #ffffff;\">A: Rogo\u017cewek 39A, 09-500 Gostynin<\/span><br \/>\n<span style=\"color: #ffffff;\">E: artur.wojtala@rawenrebars.pl<\/span><br \/>\n<span style=\"color: #ffffff;\">T: +48 514 070 503<\/span>[\/vc_column_text][\/vc_column][vc_column width=&#8221;2\/3&#8243;][vc_gmaps link=&#8221;#E-8_JTNDaWZyYW1lJTIwc3JjJTNEJTIyaHR0cHMlM0ElMkYlMkZ3d3cuZ29vZ2xlLmNvbSUyRm1hcHMlMkZlbWJlZCUzRnBiJTNEJTIxMW0xOCUyMTFtMTIlMjExbTMlMjExZDk3MjYuOTg0NzYwNjQ4NzElMjEyZDE5LjQ5OTkyODI2NTU0Mjk5NCUyMTNkNTIuNDQ3NTEyMzU4ODExNzM2JTIxMm0zJTIxMWYwJTIxMmYwJTIxM2YwJTIxM20yJTIxMWkxMDI0JTIxMmk3NjglMjE0ZjEzLjElMjEzbTMlMjExbTIlMjExczB4NDcxYjg3NDJlZDgzMGNiMyUyNTNBMHhmM2RkMTA4NjA3ZDQ2ODQwJTIxMnNSb2dvJTI1QzUlMjVCQ2V3ZWslMjUyMDM5QSUyNTJDJTI1MjAwOS01MDAlMjUyMFJvZ28lMjVDNSUyNUJDZXdlayUyMTVlMCUyMTNtMiUyMTFzcGwlMjEyc3BsJTIxNHYxNjg3MzQ1NTQyNDE5JTIxNW0yJTIxMXNwbCUyMTJzcGwlMjIlMjB3aWR0aCUzRCUyMjYwMCUyMiUyMGhlaWdodCUzRCUyMjQ1MCUyMiUyMHN0eWxlJTNEJTIyYm9yZGVyJTNBMCUzQiUyMiUyMGFsbG93ZnVsbHNjcmVlbiUzRCUyMiUyMiUyMGxvYWRpbmclM0QlMjJsYXp5JTIyJTIwcmVmZXJyZXJwb2xpY3klM0QlMjJuby1yZWZlcnJlci13aGVuLWRvd25ncmFkZSUyMiUzRSUzQyUyRmlmcmFtZSUzRQ==&#8221; css=&#8221;.vc_custom_1687345885325{padding-right: 20px !important;}&#8221;][\/vc_column][\/vc_row]<\/p>\n","protected":false},"excerpt":{"rendered":"<p>[vc_row full_width=&#8221;stretch_row_content_no_spaces&#8221;][vc_column width=&#8221;1\/2&#8243;][vc_column_text css=&#8221;.vc_custom_1687331446789{padding-right: 15px !important;padding-left: 30px !important;}&#8221;]Czym s\u0105 pr\u0119ty kompozytowe? To zbrojeniowe pr\u0119ty epoksydowe z w\u0142\u00f3kna szklanego wytwarzane innowacyjn\u0105 metod\u0105 PULTRUZJI, polegaj\u0105c\u0105 na przeci\u0105ganiu ci\u0105g\u0142ych w\u0142\u00f3kien szklanych zatopionych w \u017cywicach epoksydowych przez urz\u0105dzenie nadaj\u0105ce kszta\u0142t przekroju poprzecznego oraz gdzie nast\u0119puje utwardzenie spoiwa. W procesie tym powstaje kompozyt sk\u0142adaj\u0105cy si\u0119 z bardzo du\u017cej ilo\u015bci w\u0142\u00f3kiem &hellip; <\/p>\n<p class=\"link-more\"><a href=\"https:\/\/rawenrebars.pl\/\" class=\"more-link\">Read more<span class=\"screen-reader-text\"> &#8222;Pr\u0119ty kompozytowe do zbrojenia betonu &#8211; RAWEN REBARS&#8221;<\/span><\/a><\/p>\n","protected":false},"author":1,"featured_media":0,"parent":0,"menu_order":0,"comment_status":"closed","ping_status":"closed","template":"","meta":{"footnotes":""},"class_list":["post-26","page","type-page","status-publish","hentry"],"yoast_head":"<!-- This site is optimized with the Yoast SEO plugin v20.8 - https:\/\/yoast.com\/wordpress\/plugins\/seo\/ -->\n<title>Pr\u0119ty kompozytowe do zbrojenia betonu - RAWEN REBARS - RAWEN REBARS<\/title>\n<meta name=\"robots\" content=\"index, follow, max-snippet:-1, max-image-preview:large, max-video-preview:-1\" \/>\n<link rel=\"canonical\" href=\"http:\/\/rawenrebars.pl\/\" \/>\n<meta property=\"og:locale\" content=\"pl_PL\" \/>\n<meta property=\"og:type\" content=\"article\" \/>\n<meta property=\"og:title\" content=\"Pr\u0119ty kompozytowe do zbrojenia betonu - RAWEN REBARS - RAWEN REBARS\" \/>\n<meta property=\"og:description\" content=\"[vc_row full_width=&#8221;stretch_row_content_no_spaces&#8221;][vc_column width=&#8221;1\/2&#8243;][vc_column_text css=&#8221;.vc_custom_1687331446789{padding-right: 15px !important;padding-left: 30px !important;}&#8221;]Czym s\u0105 pr\u0119ty kompozytowe? To zbrojeniowe pr\u0119ty epoksydowe z w\u0142\u00f3kna szklanego wytwarzane innowacyjn\u0105 metod\u0105 PULTRUZJI, polegaj\u0105c\u0105 na przeci\u0105ganiu ci\u0105g\u0142ych w\u0142\u00f3kien szklanych zatopionych w \u017cywicach epoksydowych przez urz\u0105dzenie nadaj\u0105ce kszta\u0142t przekroju poprzecznego oraz gdzie nast\u0119puje utwardzenie spoiwa. W procesie tym powstaje kompozyt sk\u0142adaj\u0105cy si\u0119 z bardzo du\u017cej ilo\u015bci w\u0142\u00f3kiem &hellip; Read more &quot;Pr\u0119ty kompozytowe do zbrojenia betonu &#8211; RAWEN REBARS&quot;\" \/>\n<meta property=\"og:url\" content=\"http:\/\/rawenrebars.pl\/\" \/>\n<meta property=\"og:site_name\" content=\"RAWEN REBARS\" \/>\n<meta property=\"article:modified_time\" content=\"2023-06-21T11:14:23+00:00\" \/>\n<meta name=\"twitter:card\" content=\"summary_large_image\" \/>\n<meta name=\"twitter:label1\" content=\"Szacowany czas czytania\" \/>\n\t<meta name=\"twitter:data1\" content=\"2 minuty\" \/>\n<script type=\"application\/ld+json\" class=\"yoast-schema-graph\">{\"@context\":\"https:\/\/schema.org\",\"@graph\":[{\"@type\":\"WebPage\",\"@id\":\"http:\/\/rawenrebars.pl\/\",\"url\":\"http:\/\/rawenrebars.pl\/\",\"name\":\"Pr\u0119ty kompozytowe do zbrojenia betonu - RAWEN REBARS - RAWEN REBARS\",\"isPartOf\":{\"@id\":\"http:\/\/rawenrebars.pl\/#website\"},\"datePublished\":\"2023-05-08T10:22:39+00:00\",\"dateModified\":\"2023-06-21T11:14:23+00:00\",\"breadcrumb\":{\"@id\":\"http:\/\/rawenrebars.pl\/#breadcrumb\"},\"inLanguage\":\"pl-PL\",\"potentialAction\":[{\"@type\":\"ReadAction\",\"target\":[\"http:\/\/rawenrebars.pl\/\"]}]},{\"@type\":\"BreadcrumbList\",\"@id\":\"http:\/\/rawenrebars.pl\/#breadcrumb\",\"itemListElement\":[{\"@type\":\"ListItem\",\"position\":1,\"name\":\"Home\",\"item\":\"http:\/\/rawenrebars.pl\/\"},{\"@type\":\"ListItem\",\"position\":2,\"name\":\"Pr\u0119ty kompozytowe do zbrojenia betonu &#8211; RAWEN REBARS\"}]},{\"@type\":\"WebSite\",\"@id\":\"http:\/\/rawenrebars.pl\/#website\",\"url\":\"http:\/\/rawenrebars.pl\/\",\"name\":\"RAWEN REBARS\",\"description\":\"Pr\u0119ty kompozytowe do zbrojenia betonu\",\"publisher\":{\"@id\":\"http:\/\/rawenrebars.pl\/#organization\"},\"potentialAction\":[{\"@type\":\"SearchAction\",\"target\":{\"@type\":\"EntryPoint\",\"urlTemplate\":\"http:\/\/rawenrebars.pl\/?s={search_term_string}\"},\"query-input\":\"required name=search_term_string\"}],\"inLanguage\":\"pl-PL\"},{\"@type\":\"Organization\",\"@id\":\"http:\/\/rawenrebars.pl\/#organization\",\"name\":\"RAWEN REBARS\",\"url\":\"http:\/\/rawenrebars.pl\/\",\"logo\":{\"@type\":\"ImageObject\",\"inLanguage\":\"pl-PL\",\"@id\":\"http:\/\/rawenrebars.pl\/#\/schema\/logo\/image\/\",\"url\":\"https:\/\/rawenrebars.pl\/wp-content\/uploads\/2023\/05\/cropped-rawen_rebars.png\",\"contentUrl\":\"https:\/\/rawenrebars.pl\/wp-content\/uploads\/2023\/05\/cropped-rawen_rebars.png\",\"width\":2639,\"height\":2643,\"caption\":\"RAWEN REBARS\"},\"image\":{\"@id\":\"http:\/\/rawenrebars.pl\/#\/schema\/logo\/image\/\"}}]}<\/script>\n<!-- \/ Yoast SEO plugin. -->","yoast_head_json":{"title":"Pr\u0119ty kompozytowe do zbrojenia betonu - RAWEN REBARS - RAWEN REBARS","robots":{"index":"index","follow":"follow","max-snippet":"max-snippet:-1","max-image-preview":"max-image-preview:large","max-video-preview":"max-video-preview:-1"},"canonical":"http:\/\/rawenrebars.pl\/","og_locale":"pl_PL","og_type":"article","og_title":"Pr\u0119ty kompozytowe do zbrojenia betonu - RAWEN REBARS - RAWEN REBARS","og_description":"[vc_row full_width=&#8221;stretch_row_content_no_spaces&#8221;][vc_column width=&#8221;1\/2&#8243;][vc_column_text css=&#8221;.vc_custom_1687331446789{padding-right: 15px !important;padding-left: 30px !important;}&#8221;]Czym s\u0105 pr\u0119ty kompozytowe? To zbrojeniowe pr\u0119ty epoksydowe z w\u0142\u00f3kna szklanego wytwarzane innowacyjn\u0105 metod\u0105 PULTRUZJI, polegaj\u0105c\u0105 na przeci\u0105ganiu ci\u0105g\u0142ych w\u0142\u00f3kien szklanych zatopionych w \u017cywicach epoksydowych przez urz\u0105dzenie nadaj\u0105ce kszta\u0142t przekroju poprzecznego oraz gdzie nast\u0119puje utwardzenie spoiwa. W procesie tym powstaje kompozyt sk\u0142adaj\u0105cy si\u0119 z bardzo du\u017cej ilo\u015bci w\u0142\u00f3kiem &hellip; Read more \"Pr\u0119ty kompozytowe do zbrojenia betonu &#8211; RAWEN REBARS\"","og_url":"http:\/\/rawenrebars.pl\/","og_site_name":"RAWEN REBARS","article_modified_time":"2023-06-21T11:14:23+00:00","twitter_card":"summary_large_image","twitter_misc":{"Szacowany czas czytania":"2 minuty"},"schema":{"@context":"https:\/\/schema.org","@graph":[{"@type":"WebPage","@id":"http:\/\/rawenrebars.pl\/","url":"http:\/\/rawenrebars.pl\/","name":"Pr\u0119ty kompozytowe do zbrojenia betonu - RAWEN REBARS - RAWEN REBARS","isPartOf":{"@id":"http:\/\/rawenrebars.pl\/#website"},"datePublished":"2023-05-08T10:22:39+00:00","dateModified":"2023-06-21T11:14:23+00:00","breadcrumb":{"@id":"http:\/\/rawenrebars.pl\/#breadcrumb"},"inLanguage":"pl-PL","potentialAction":[{"@type":"ReadAction","target":["http:\/\/rawenrebars.pl\/"]}]},{"@type":"BreadcrumbList","@id":"http:\/\/rawenrebars.pl\/#breadcrumb","itemListElement":[{"@type":"ListItem","position":1,"name":"Home","item":"http:\/\/rawenrebars.pl\/"},{"@type":"ListItem","position":2,"name":"Pr\u0119ty kompozytowe do zbrojenia betonu &#8211; RAWEN REBARS"}]},{"@type":"WebSite","@id":"http:\/\/rawenrebars.pl\/#website","url":"http:\/\/rawenrebars.pl\/","name":"RAWEN REBARS","description":"Pr\u0119ty kompozytowe do zbrojenia betonu","publisher":{"@id":"http:\/\/rawenrebars.pl\/#organization"},"potentialAction":[{"@type":"SearchAction","target":{"@type":"EntryPoint","urlTemplate":"http:\/\/rawenrebars.pl\/?s={search_term_string}"},"query-input":"required name=search_term_string"}],"inLanguage":"pl-PL"},{"@type":"Organization","@id":"http:\/\/rawenrebars.pl\/#organization","name":"RAWEN REBARS","url":"http:\/\/rawenrebars.pl\/","logo":{"@type":"ImageObject","inLanguage":"pl-PL","@id":"http:\/\/rawenrebars.pl\/#\/schema\/logo\/image\/","url":"https:\/\/rawenrebars.pl\/wp-content\/uploads\/2023\/05\/cropped-rawen_rebars.png","contentUrl":"https:\/\/rawenrebars.pl\/wp-content\/uploads\/2023\/05\/cropped-rawen_rebars.png","width":2639,"height":2643,"caption":"RAWEN REBARS"},"image":{"@id":"http:\/\/rawenrebars.pl\/#\/schema\/logo\/image\/"}}]}},"featured_media_urls":[],"_links":{"self":[{"href":"https:\/\/rawenrebars.pl\/index.php?rest_route=\/wp\/v2\/pages\/26","targetHints":{"allow":["GET"]}}],"collection":[{"href":"https:\/\/rawenrebars.pl\/index.php?rest_route=\/wp\/v2\/pages"}],"about":[{"href":"https:\/\/rawenrebars.pl\/index.php?rest_route=\/wp\/v2\/types\/page"}],"author":[{"embeddable":true,"href":"https:\/\/rawenrebars.pl\/index.php?rest_route=\/wp\/v2\/users\/1"}],"replies":[{"embeddable":true,"href":"https:\/\/rawenrebars.pl\/index.php?rest_route=%2Fwp%2Fv2%2Fcomments&post=26"}],"version-history":[{"count":71,"href":"https:\/\/rawenrebars.pl\/index.php?rest_route=\/wp\/v2\/pages\/26\/revisions"}],"predecessor-version":[{"id":148,"href":"https:\/\/rawenrebars.pl\/index.php?rest_route=\/wp\/v2\/pages\/26\/revisions\/148"}],"wp:attachment":[{"href":"https:\/\/rawenrebars.pl\/index.php?rest_route=%2Fwp%2Fv2%2Fmedia&parent=26"}],"curies":[{"name":"wp","href":"https:\/\/api.w.org\/{rel}","templated":true}]}}